{"id":2,"date":"2012-11-22T14:55:14","date_gmt":"2012-11-22T14:55:14","guid":{"rendered":"http:\/\/meehrsicht.de\/?page_id=2"},"modified":"2018-05-27T17:39:59","modified_gmt":"2018-05-27T17:39:59","slug":"sample-page","status":"publish","type":"page","link":"https:\/\/meehrsicht.de\/?page_id=2","title":{"rendered":"Impressum"},"content":{"rendered":"<p><a href=\"http:\/\/meehrsicht.de\/wp-content\/uploads\/2015\/06\/SmallLogo.jpg\"><img loading=\"lazy\" decoding=\"async\" class=\"alignnone size-medium wp-image-229\" src=\"http:\/\/meehrsicht.de\/wp-content\/uploads\/2015\/06\/SmallLogo-300x181.jpg\" alt=\"SmallLogo\" width=\"150\" height=\"95\" \/><\/a><br \/>\nDies ist eine private Homepage, die alleine von mir aufgebaut und gepflegt wird. Inhaltlich Verantwortlicher f\u00fcr die Domains meehrsicht.de und bremter.de ist:<\/p>\n<p>Udo Bremter<br \/>\nMonheimer Stra\u00dfe 24<br \/>\n50737 K\u00f6ln<\/p>\n<p>Mail: <a href=\"mailto:udo@meehrsicht.de\">udo@meehrsicht.de<\/a><\/p>\n<p>Alle Inhalte und Fotos haben keinen kommerziellen Zweck. Es ist nicht gewollt Fotos oder Dateien anderer hier zur Schau zu stellen ohne deren Genehmigung. Weiterhin sind alle verwendeten Markennamen nur zur Orientierung verwendet worden, nicht aber zu Werbezwecken. Ich r\u00e4umen allen abgebildeten Personen ein ihr Foto umgehend l\u00f6schen zu lassen. Den Antrag zur L\u00f6schung eines Bildes k\u00f6nnen die abgebildeten Personen unter vollst\u00e4ndiger Angabe von Namen und Anschrift sowie unter Nennung des Grundes stellen. Alle Bilder d\u00fcrfen ohne ausdr\u00fcckliche Zustimmung meinerseits in keiner Form weiterverarbeitet werden. Dies beinhaltet nat\u00fcrlich auch die Ver\u00f6ffentlichung auf anderen Internet-Sites. Originalqualit\u00e4t erhaltet ihr auf Anfrage gerne per Mail.<\/p>\n<div id=\"dmaker_preview_disclaimer\">\n<h4>Disclaimer<\/h4>\n<p><strong>Haftung f\u00fcr Inhalte<\/strong><\/p>\n<p>Die Inhalte unserer Seiten wurden mit gr\u00f6\u00dfter Sorgfalt erstellt. F\u00fcr die Richtigkeit, Vollst\u00e4ndigkeit und Aktualit\u00e4t der Inhalte k\u00f6nnen wir jedoch keine Gew\u00e4hr \u00fcbernehmen. Als Diensteanbieter sind wir gem\u00e4\u00df \u00a7 7 Abs.1 TMG f\u00fcr eigene Inhalte auf diesen Seiten nach den allgemeinen Gesetzen verantwortlich. Nach \u00a7\u00a7 8 bis 10 TMG sind wir als Diensteanbieter jedoch nicht verpflichtet, \u00fcbermittelte oder gespeicherte fremde Informationen zu \u00fcberwachen oder nach Umst\u00e4nden zu forschen, die auf eine rechtswidrige T\u00e4tigkeit hinweisen. Verpflichtungen zur Entfernung oder Sperrung der Nutzung von Informationen nach den allgemeinen Gesetzen bleiben hiervon unber\u00fchrt. Eine diesbez\u00fcgliche Haftung ist jedoch erst ab dem Zeitpunkt der Kenntnis einer konkreten Rechtsverletzung m\u00f6glich. Bei Bekanntwerden von entsprechenden Rechtsverletzungen werden wir diese Inhalte umgehend entfernen.<\/p>\n<p><strong>Haftung f\u00fcr Links<\/strong><\/p>\n<p>Unser Angebot enth\u00e4lt Links zu externen Webseiten Dritter, auf deren Inhalte wir keinen Einfluss haben. Deshalb k\u00f6nnen wir f\u00fcr diese fremden Inhalte auch keine Gew\u00e4hr \u00fcbernehmen. F\u00fcr die Inhalte der verlinkten Seiten ist stets der jeweilige Anbieter oder Betreiber der Seiten verantwortlich. Die verlinkten Seiten wurden zum Zeitpunkt der Verlinkung auf m\u00f6gliche Rechtsverst\u00f6\u00dfe \u00fcberpr\u00fcft. Rechtswidrige Inhalte waren zum Zeitpunkt der Verlinkung nicht erkennbar. Eine permanente inhaltliche Kontrolle der verlinkten Seiten ist jedoch ohne konkrete Anhaltspunkte einer Rechtsverletzung nicht zumutbar. Bei Bekanntwerden von Rechtsverletzungen werden wir derartige Links umgehend entfernen.<\/p>\n<p><strong>Urheberrecht<\/strong><\/p>\n<p>Die durch die Seitenbetreiber erstellten Inhalte und Werke auf diesen Seiten unterliegen dem deutschen Urheberrecht. Die Vervielf\u00e4ltigung, Bearbeitung, Verbreitung und jede Art der Verwertung au\u00dferhalb der Grenzen des Urheberrechtes bed\u00fcrfen der schriftlichen Zustimmung des jeweiligen Autors bzw. Erstellers. Downloads und Kopien dieser Seite sind nur f\u00fcr den privaten, nicht kommerziellen Gebrauch gestattet. Soweit die Inhalte auf dieser Seite nicht vom Betreiber erstellt wurden, werden die Urheberrechte Dritter beachtet. Insbesondere werden Inhalte Dritter als solche gekennzeichnet. Sollten Sie trotzdem auf eine Urheberrechtsverletzung aufmerksam werden, bitten wir um einen entsprechenden Hinweis. Bei Bekanntwerden von Rechtsverletzungen werden wir derartige Inhalte umgehend entfernen.<\/p>\n<\/div>\n<p>&nbsp;<\/p>\n<div id=\"dmaker_preview_disclaimer\">\n<p><em>Quellverweis: <\/em><span style=\"text-decoration: underline;\"><span style=\"color: #810081;\"><a href=\"http:\/\/www.e-recht24.de\/muster-disclaimer.htm\" target=\"_blank\" rel=\"noopener\"><span style=\"text-decoration: underline;\">eRecht24 Disclaimer<\/span><\/a><\/span><\/span><\/p>\n<\/div>\n<p>Alle Seiten Copyright 2018 by Udo Bremter (K\u00f6ln)<\/p>\n<p>&nbsp;<\/p>\n","protected":false},"excerpt":{"rendered":"<p>Dies ist eine private Homepage, die alleine von mir aufgebaut und gepflegt wird. Inhaltlich Verantwortlicher f\u00fcr die Domains meehrsicht.de und bremter.de ist: Udo Bremter Monheimer Stra\u00dfe 24 50737 K\u00f6ln Mail: udo@meehrsicht.de Alle Inhalte und Fotos haben keinen kommerziellen Zweck. Es &hellip; <a href=\"https:\/\/meehrsicht.de\/?page_id=2\">Weiterlesen <span class=\"meta-nav\">&rarr;<\/span><\/a><\/p>\n","protected":false},"author":1,"featured_media":0,"parent":0,"menu_order":9,"comment_status":"closed","ping_status":"closed","template":"","meta":{"footnotes":""},"_links":{"self":[{"href":"https:\/\/meehrsicht.de\/index.php?rest_route=\/wp\/v2\/pages\/2"}],"collection":[{"href":"https:\/\/meehrsicht.de\/index.php?rest_route=\/wp\/v2\/pages"}],"about":[{"href":"https:\/\/meehrsicht.de\/index.php?rest_route=\/wp\/v2\/types\/page"}],"author":[{"embeddable":true,"href":"https:\/\/meehrsicht.de\/index.php?rest_route=\/wp\/v2\/users\/1"}],"replies":[{"embeddable":true,"href":"https:\/\/meehrsicht.de\/index.php?rest_route=%2Fwp%2Fv2%2Fcomments&post=2"}],"version-history":[{"count":13,"href":"https:\/\/meehrsicht.de\/index.php?rest_route=\/wp\/v2\/pages\/2\/revisions"}],"predecessor-version":[{"id":608,"href":"https:\/\/meehrsicht.de\/index.php?rest_route=\/wp\/v2\/pages\/2\/revisions\/608"}],"wp:attachment":[{"href":"https:\/\/meehrsicht.de\/index.php?rest_route=%2Fwp%2Fv2%2Fmedia&parent=2"}],"curies":[{"name":"wp","href":"https:\/\/api.w.org\/{rel}","templated":true}]}}